{"id":263,"date":"2018-10-23T14:29:36","date_gmt":"2018-10-23T11:29:36","guid":{"rendered":"http:\/\/inventron.com.tr\/wp\/?page_id=263"},"modified":"2019-08-06T11:29:53","modified_gmt":"2019-08-06T08:29:53","slug":"biz-kimiz","status":"publish","type":"page","link":"https:\/\/inventron.com.tr\/wp\/tr\/biz-kimiz\/","title":{"rendered":"Biz Kimiz?"},"content":{"rendered":"<p>\u0130nventron 2013 senesinde g\u00fcvenli g\u00f6m\u00fcl\u00fc sistemler alan\u0131nda \u00e7\u00f6z\u00fcmler sunmak amac\u0131 ile kurulmu\u015ftur. 15 y\u0131l\u0131 a\u015fk\u0131n bilgi birikimimizle, pek \u00e7ok farkl\u0131 sekt\u00f6rden deneyimli uzman\u0131 bir araya getirerek donan\u0131m, yaz\u0131l\u0131m ve mekanik \u00e7\u00f6z\u00fcmler sunmaktay\u0131z. \u0130nventron uzman m\u00fchendisleri ile t\u00fcketici, end\u00fcstriyel, askeri ve otomotiv elektroni\u011fi sekt\u00f6r\u00fc i\u00e7in bir\u00e7ok \u00fcr\u00fcn geli\u015ftirmi\u015ftir, bu \u00fcr\u00fcnler 10 y\u0131l\u0131 a\u015fan s\u00fcredir sahada hizmet vermektedirler.<\/p>\n<p>Inventron \u00f6zellikle g\u00f6m\u00fcl\u00fc sistemler alan\u0131ndaki uzmanl\u0131\u011f\u0131 ile elektronik cihaz \u00fcretimi ve cihaz yaz\u0131l\u0131mlar\u0131 geli\u015ftirmenin yan\u0131 s\u0131ra, orta katman mimarileri ve kurumsal uygulamalar konusunda da hizmetler vermektedir. Firmam\u0131z ayr\u0131ca \u00fcniversite ve firmalar i\u00e7in \u00f6zel e\u011fitimler d\u00fczenlemektedir.<\/p>\n<p>Kendi \u00fcr\u00fcnlerini geli\u015ftiren \u0130nventron, m\u00fc\u015fterilerinin teknik isterleri do\u011frultusunda da \u00fcr\u00fcnler geli\u015ftirmektedir. Bu geli\u015ftirme donan\u0131m tasar\u0131m\u0131, yaz\u0131l\u0131m geli\u015ftirme ve mekanik\/end\u00fcstriyel tasar\u0131m alanlar\u0131n\u0131n t\u00fcm\u00fcnde yap\u0131labilece\u011fi gibi sadece bir alanda da olabilmektedir. Firmam\u0131z, m\u00fc\u015fteri talebi do\u011frultusunda \u00fcretim hizmeti de verebilmektedir. B\u00f6ylece firmam\u0131z, m\u00fc\u015fterilerine tek bir i\u015f orta\u011f\u0131 ile \u00e7al\u0131\u015farak talep ettikleri \u00fcr\u00fcne sahip olma f\u0131rsat\u0131n\u0131 sunmaktad\u0131r.<\/p>\n<h3>Yetkinliklerimiz:<\/h3>\n<p><strong>Yaz\u0131l\u0131m Tasar\u0131m:<\/strong><\/p>\n<ul>\n<li>Sistem Tasar\u0131m\u0131<\/li>\n<li>G\u00f6m\u00fcl\u00fc Yaz\u0131l\u0131m Geli\u015ftirme<\/li>\n<li>G\u00fcvenli Yaz\u0131l\u0131m Geli\u015ftirme<\/li>\n<li>S\u00fcr\u00fcc\u00fc Geli\u015ftirme<\/li>\n<li>Ortak Kriterler (Common Criteria)<\/li>\n<li>Kurumsal Uygulamalar<\/li>\n<li>Mobil Uygulamalar<\/li>\n<li>Ger\u00e7ek Zamanl\u0131 Sistemler<\/li>\n<li>Da\u011f\u0131t\u0131k Sistemler<\/li>\n<li>Kablosuz \u0130leti\u015fim<\/li>\n<li>Otomatik Test Sistemleri<\/li>\n<li>Makine \u2013insan Aray\u00fczleri<\/li>\n<li>POS yaz\u0131l\u0131mlar\u0131<\/li>\n<li>CRM Yaz\u0131l\u0131mlar\u0131<\/li>\n<\/ul>\n<p><strong>Donan\u0131m Tasar\u0131m:<\/strong><\/p>\n<ul>\n<li>Analog Devre Tasar\u0131m\u0131<\/li>\n<li>G\u00fcvenli Donan\u0131m Tasar\u0131m\u0131<\/li>\n<li>Y\u00fcksek H\u0131zl\u0131 Say\u0131sal Devre Tasar\u0131m\u0131<\/li>\n<li>G\u00fc\u00e7 Devresi Tasar\u0131m\u0131<\/li>\n<li>Bask\u0131 Devre \u2013 PCB Tasar\u0131m\u0131<\/li>\n<li>CE Belgelendirme<\/li>\n<li>Fonksiyonel Test Masas\u0131 Tasar\u0131m\u0131<\/li>\n<li>Prototip \u00dcretim Hizmeti<\/li>\n<li>Seri \u00dcretim Hizmeti<\/li>\n<\/ul>\n<p><strong>Mekanik Tasar\u0131m:<\/strong><\/p>\n<ul>\n<li>Konsept Tasar\u0131m\u0131<\/li>\n<li>End\u00fcstriyel Tasar\u0131m<\/li>\n<li>Mekanik Tasar\u0131m<\/li>\n<li>Kal\u0131p M\u00fchendisli\u011fi<\/li>\n<li>Prototip \u00dcretimi<\/li>\n<li>Test<\/li>\n<li>Seri \u00dcretim<\/li>\n<\/ul>\n<p><strong>\u00dcr\u00fcn Geli\u015ftirme:<\/strong><\/p>\n<ul>\n<li>Konsept Tasar\u0131m\u0131<\/li>\n<li>Teknik \u0130sterlerin Olu\u015fturulmas\u0131<\/li>\n<li>Donan\u0131m Tasar\u0131m\u0131<\/li>\n<li>Yaz\u0131l\u0131m Tasar\u0131m\u0131\n<ul>\n<li>G\u00f6m\u00fcl\u00fc Yaz\u0131l\u0131m Tasar\u0131m\u0131<\/li>\n<li>\u00d6n Ofis Yaz\u0131l\u0131m\u0131 Geli\u015ftirme<\/li>\n<li>Arka Ofis Yaz\u0131l\u0131m\u0131 Geli\u015ftirme<\/li>\n<\/ul>\n<\/li>\n<li>End\u00fcstriyel Tasar\u0131m<\/li>\n<li>Mekanik Tasar\u0131m<\/li>\n<li>Prototipleme<\/li>\n<li>Test<\/li>\n<li>Belgelendirme<\/li>\n<li>Seri \u00dcretim<\/li>\n<\/ul>\n<p><strong>Kullan\u0131lan Yaz\u0131l\u0131m Teknolojileri ve Ara\u00e7lar\u0131:<\/strong><\/p>\n<ul>\n<li>C\/C++<\/li>\n<li>Java SE\/Java EE<\/li>\n<li>Spring Framework<\/li>\n<li>Spring Boot<\/li>\n<li>AWS and Microsoft Azure Cloud Native Applications<\/li>\n<li>SaaS and PaaS<\/li>\n<li>.Net C#<\/li>\n<li>Linux Software\/Tools<\/li>\n<li>Several Microprocessor and Microcontrollers Programming including\n<ul>\n<li>NXP Freescale iMX<\/li>\n<li>ST STM32<\/li>\n<li>Renesas Synergy \/ RL78<\/li>\n<li>TI MSP430<\/li>\n<li>Microchip PIC<\/li>\n<\/ul>\n<\/li>\n<li>MFC<\/li>\n<li>Microsoft Windows \u2122 Tools<\/li>\n<li>Phyton<\/li>\n<li>Shell Scripting<\/li>\n<li>RTOS<\/li>\n<li>OpenSSL<\/li>\n<\/ul>\n","protected":false},"excerpt":{"rendered":"<p>\u0130nventron 2013 senesinde g\u00fcvenli g\u00f6m\u00fcl\u00fc sistemler alan\u0131nda \u00e7\u00f6z\u00fcmler sunmak amac\u0131 ile kurulmu\u015ftur. 15 y\u0131l\u0131 a\u015fk\u0131n bilgi birikimimizle, pek \u00e7ok farkl\u0131<\/p>\n","protected":false},"author":1,"featured_media":818,"parent":0,"menu_order":0,"comment_status":"closed","ping_status":"closed","template":"","meta":{"_exactmetrics_skip_tracking":false,"_exactmetrics_sitenote_active":false,"_exactmetrics_sitenote_note":"","_exactmetrics_sitenote_category":0,"footnotes":""},"class_list":["post-263","page","type-page","status-publish","has-post-thumbnail","hentry"],"yoast_head":"<!-- This site is optimized with the Yoast SEO plugin v25.9 - https:\/\/yoast.com\/wordpress\/plugins\/seo\/ -->\n<title>Biz Kimiz? - INVENTRON ELEKTRONIK VE BILGI TEK. SAN. TIC. LTD. STI.<\/title>\n<meta name=\"robots\" content=\"index, follow, max-snippet:-1, max-image-preview:large, max-video-preview:-1\" \/>\n<link rel=\"canonical\" href=\"https:\/\/inventron.com.tr\/wp\/tr\/biz-kimiz\/\" \/>\n<meta property=\"og:locale\" content=\"en_US\" \/>\n<meta property=\"og:type\" content=\"article\" \/>\n<meta property=\"og:title\" content=\"Biz Kimiz? - INVENTRON ELEKTRONIK VE BILGI TEK. SAN. TIC. LTD. STI.\" \/>\n<meta property=\"og:description\" content=\"\u0130nventron 2013 senesinde g\u00fcvenli g\u00f6m\u00fcl\u00fc sistemler alan\u0131nda \u00e7\u00f6z\u00fcmler sunmak amac\u0131 ile kurulmu\u015ftur. 15 y\u0131l\u0131 a\u015fk\u0131n bilgi birikimimizle, pek \u00e7ok farkl\u0131\" \/>\n<meta property=\"og:url\" content=\"https:\/\/inventron.com.tr\/wp\/tr\/biz-kimiz\/\" \/>\n<meta property=\"og:site_name\" content=\"INVENTRON ELEKTRONIK VE BILGI TEK. SAN. TIC. LTD. STI.\" \/>\n<meta property=\"article:publisher\" content=\"https:\/\/www.facebook.com\/inventroninc\" \/>\n<meta property=\"article:modified_time\" content=\"2019-08-06T08:29:53+00:00\" \/>\n<meta property=\"og:image\" content=\"https:\/\/inventron.com.tr\/wp\/wp-content\/uploads\/2018\/11\/b4-2.jpg\" \/>\n\t<meta property=\"og:image:width\" content=\"800\" \/>\n\t<meta property=\"og:image:height\" content=\"400\" \/>\n\t<meta property=\"og:image:type\" content=\"image\/jpeg\" \/>\n<meta name=\"twitter:card\" content=\"summary_large_image\" \/>\n<meta name=\"twitter:site\" content=\"@inventron_\" \/>\n<meta name=\"twitter:label1\" content=\"Est. reading time\" \/>\n\t<meta name=\"twitter:data1\" content=\"2 minutes\" \/>\n<script type=\"application\/ld+json\" class=\"yoast-schema-graph\">{\"@context\":\"https:\/\/schema.org\",\"@graph\":[{\"@type\":\"WebPage\",\"@id\":\"https:\/\/inventron.com.tr\/wp\/tr\/biz-kimiz\/\",\"url\":\"https:\/\/inventron.com.tr\/wp\/tr\/biz-kimiz\/\",\"name\":\"Biz Kimiz? - INVENTRON ELEKTRONIK VE BILGI TEK. SAN. TIC. LTD. STI.\",\"isPartOf\":{\"@id\":\"https:\/\/inventron.com.tr\/wp\/#website\"},\"primaryImageOfPage\":{\"@id\":\"https:\/\/inventron.com.tr\/wp\/tr\/biz-kimiz\/#primaryimage\"},\"image\":{\"@id\":\"https:\/\/inventron.com.tr\/wp\/tr\/biz-kimiz\/#primaryimage\"},\"thumbnailUrl\":\"https:\/\/inventron.com.tr\/wp\/wp-content\/uploads\/2018\/11\/b4-2.jpg\",\"datePublished\":\"2018-10-23T11:29:36+00:00\",\"dateModified\":\"2019-08-06T08:29:53+00:00\",\"breadcrumb\":{\"@id\":\"https:\/\/inventron.com.tr\/wp\/tr\/biz-kimiz\/#breadcrumb\"},\"inLanguage\":\"en-US\",\"potentialAction\":[{\"@type\":\"ReadAction\",\"target\":[\"https:\/\/inventron.com.tr\/wp\/tr\/biz-kimiz\/\"]}]},{\"@type\":\"ImageObject\",\"inLanguage\":\"en-US\",\"@id\":\"https:\/\/inventron.com.tr\/wp\/tr\/biz-kimiz\/#primaryimage\",\"url\":\"https:\/\/inventron.com.tr\/wp\/wp-content\/uploads\/2018\/11\/b4-2.jpg\",\"contentUrl\":\"https:\/\/inventron.com.tr\/wp\/wp-content\/uploads\/2018\/11\/b4-2.jpg\",\"width\":800,\"height\":400},{\"@type\":\"BreadcrumbList\",\"@id\":\"https:\/\/inventron.com.tr\/wp\/tr\/biz-kimiz\/#breadcrumb\",\"itemListElement\":[{\"@type\":\"ListItem\",\"position\":1,\"name\":\"Home\",\"item\":\"https:\/\/inventron.com.tr\/wp\/\"},{\"@type\":\"ListItem\",\"position\":2,\"name\":\"Biz Kimiz?\"}]},{\"@type\":\"WebSite\",\"@id\":\"https:\/\/inventron.com.tr\/wp\/#website\",\"url\":\"https:\/\/inventron.com.tr\/wp\/\",\"name\":\"Inventron\",\"description\":\"Inventron Electronics and Software\",\"publisher\":{\"@id\":\"https:\/\/inventron.com.tr\/wp\/#organization\"},\"potentialAction\":[{\"@type\":\"SearchAction\",\"target\":{\"@type\":\"EntryPoint\",\"urlTemplate\":\"https:\/\/inventron.com.tr\/wp\/?s={search_term_string}\"},\"query-input\":{\"@type\":\"PropertyValueSpecification\",\"valueRequired\":true,\"valueName\":\"search_term_string\"}}],\"inLanguage\":\"en-US\"},{\"@type\":\"Organization\",\"@id\":\"https:\/\/inventron.com.tr\/wp\/#organization\",\"name\":\"Inventron Bilgi Teknolojileri Ltd.Sti.\",\"url\":\"https:\/\/inventron.com.tr\/wp\/\",\"logo\":{\"@type\":\"ImageObject\",\"inLanguage\":\"en-US\",\"@id\":\"https:\/\/inventron.com.tr\/wp\/#\/schema\/logo\/image\/\",\"url\":\"https:\/\/inventron.com.tr\/wp\/wp-content\/uploads\/2018\/11\/logo_yeni.png\",\"contentUrl\":\"https:\/\/inventron.com.tr\/wp\/wp-content\/uploads\/2018\/11\/logo_yeni.png\",\"width\":350,\"height\":178,\"caption\":\"Inventron Bilgi Teknolojileri Ltd.Sti.\"},\"image\":{\"@id\":\"https:\/\/inventron.com.tr\/wp\/#\/schema\/logo\/image\/\"},\"sameAs\":[\"https:\/\/www.facebook.com\/inventroninc\",\"https:\/\/x.com\/inventron_\",\"https:\/\/www.instagram.com\/inventron\",\"https:\/\/www.linkedin.com\/company\/inventron-tr\/\"]}]}<\/script>\n<!-- \/ Yoast SEO plugin. -->","yoast_head_json":{"title":"Biz Kimiz? - INVENTRON ELEKTRONIK VE BILGI TEK. SAN. TIC. LTD. STI.","robots":{"index":"index","follow":"follow","max-snippet":"max-snippet:-1","max-image-preview":"max-image-preview:large","max-video-preview":"max-video-preview:-1"},"canonical":"https:\/\/inventron.com.tr\/wp\/tr\/biz-kimiz\/","og_locale":"en_US","og_type":"article","og_title":"Biz Kimiz? - INVENTRON ELEKTRONIK VE BILGI TEK. SAN. TIC. LTD. STI.","og_description":"\u0130nventron 2013 senesinde g\u00fcvenli g\u00f6m\u00fcl\u00fc sistemler alan\u0131nda \u00e7\u00f6z\u00fcmler sunmak amac\u0131 ile kurulmu\u015ftur. 15 y\u0131l\u0131 a\u015fk\u0131n bilgi birikimimizle, pek \u00e7ok farkl\u0131","og_url":"https:\/\/inventron.com.tr\/wp\/tr\/biz-kimiz\/","og_site_name":"INVENTRON ELEKTRONIK VE BILGI TEK. SAN. TIC. LTD. STI.","article_publisher":"https:\/\/www.facebook.com\/inventroninc","article_modified_time":"2019-08-06T08:29:53+00:00","og_image":[{"width":800,"height":400,"url":"https:\/\/inventron.com.tr\/wp\/wp-content\/uploads\/2018\/11\/b4-2.jpg","type":"image\/jpeg"}],"twitter_card":"summary_large_image","twitter_site":"@inventron_","twitter_misc":{"Est. reading time":"2 minutes"},"schema":{"@context":"https:\/\/schema.org","@graph":[{"@type":"WebPage","@id":"https:\/\/inventron.com.tr\/wp\/tr\/biz-kimiz\/","url":"https:\/\/inventron.com.tr\/wp\/tr\/biz-kimiz\/","name":"Biz Kimiz? - INVENTRON ELEKTRONIK VE BILGI TEK. SAN. TIC. LTD. STI.","isPartOf":{"@id":"https:\/\/inventron.com.tr\/wp\/#website"},"primaryImageOfPage":{"@id":"https:\/\/inventron.com.tr\/wp\/tr\/biz-kimiz\/#primaryimage"},"image":{"@id":"https:\/\/inventron.com.tr\/wp\/tr\/biz-kimiz\/#primaryimage"},"thumbnailUrl":"https:\/\/inventron.com.tr\/wp\/wp-content\/uploads\/2018\/11\/b4-2.jpg","datePublished":"2018-10-23T11:29:36+00:00","dateModified":"2019-08-06T08:29:53+00:00","breadcrumb":{"@id":"https:\/\/inventron.com.tr\/wp\/tr\/biz-kimiz\/#breadcrumb"},"inLanguage":"en-US","potentialAction":[{"@type":"ReadAction","target":["https:\/\/inventron.com.tr\/wp\/tr\/biz-kimiz\/"]}]},{"@type":"ImageObject","inLanguage":"en-US","@id":"https:\/\/inventron.com.tr\/wp\/tr\/biz-kimiz\/#primaryimage","url":"https:\/\/inventron.com.tr\/wp\/wp-content\/uploads\/2018\/11\/b4-2.jpg","contentUrl":"https:\/\/inventron.com.tr\/wp\/wp-content\/uploads\/2018\/11\/b4-2.jpg","width":800,"height":400},{"@type":"BreadcrumbList","@id":"https:\/\/inventron.com.tr\/wp\/tr\/biz-kimiz\/#breadcrumb","itemListElement":[{"@type":"ListItem","position":1,"name":"Home","item":"https:\/\/inventron.com.tr\/wp\/"},{"@type":"ListItem","position":2,"name":"Biz Kimiz?"}]},{"@type":"WebSite","@id":"https:\/\/inventron.com.tr\/wp\/#website","url":"https:\/\/inventron.com.tr\/wp\/","name":"Inventron","description":"Inventron Electronics and Software","publisher":{"@id":"https:\/\/inventron.com.tr\/wp\/#organization"},"potentialAction":[{"@type":"SearchAction","target":{"@type":"EntryPoint","urlTemplate":"https:\/\/inventron.com.tr\/wp\/?s={search_term_string}"},"query-input":{"@type":"PropertyValueSpecification","valueRequired":true,"valueName":"search_term_string"}}],"inLanguage":"en-US"},{"@type":"Organization","@id":"https:\/\/inventron.com.tr\/wp\/#organization","name":"Inventron Bilgi Teknolojileri Ltd.Sti.","url":"https:\/\/inventron.com.tr\/wp\/","logo":{"@type":"ImageObject","inLanguage":"en-US","@id":"https:\/\/inventron.com.tr\/wp\/#\/schema\/logo\/image\/","url":"https:\/\/inventron.com.tr\/wp\/wp-content\/uploads\/2018\/11\/logo_yeni.png","contentUrl":"https:\/\/inventron.com.tr\/wp\/wp-content\/uploads\/2018\/11\/logo_yeni.png","width":350,"height":178,"caption":"Inventron Bilgi Teknolojileri Ltd.Sti."},"image":{"@id":"https:\/\/inventron.com.tr\/wp\/#\/schema\/logo\/image\/"},"sameAs":["https:\/\/www.facebook.com\/inventroninc","https:\/\/x.com\/inventron_","https:\/\/www.instagram.com\/inventron","https:\/\/www.linkedin.com\/company\/inventron-tr\/"]}]}},"_links":{"self":[{"href":"https:\/\/inventron.com.tr\/wp\/wp-json\/wp\/v2\/pages\/263","targetHints":{"allow":["GET"]}}],"collection":[{"href":"https:\/\/inventron.com.tr\/wp\/wp-json\/wp\/v2\/pages"}],"about":[{"href":"https:\/\/inventron.com.tr\/wp\/wp-json\/wp\/v2\/types\/page"}],"author":[{"embeddable":true,"href":"https:\/\/inventron.com.tr\/wp\/wp-json\/wp\/v2\/users\/1"}],"replies":[{"embeddable":true,"href":"https:\/\/inventron.com.tr\/wp\/wp-json\/wp\/v2\/comments?post=263"}],"version-history":[{"count":7,"href":"https:\/\/inventron.com.tr\/wp\/wp-json\/wp\/v2\/pages\/263\/revisions"}],"predecessor-version":[{"id":842,"href":"https:\/\/inventron.com.tr\/wp\/wp-json\/wp\/v2\/pages\/263\/revisions\/842"}],"wp:featuredmedia":[{"embeddable":true,"href":"https:\/\/inventron.com.tr\/wp\/wp-json\/wp\/v2\/media\/818"}],"wp:attachment":[{"href":"https:\/\/inventron.com.tr\/wp\/wp-json\/wp\/v2\/media?parent=263"}],"curies":[{"name":"wp","href":"https:\/\/api.w.org\/{rel}","templated":true}]}}